{"id":4548,"date":"2024-01-11T14:12:03","date_gmt":"2024-01-11T13:12:03","guid":{"rendered":"https:\/\/amboise-valdeloire.com\/?page_id=4548"},"modified":"2025-10-13T11:25:22","modified_gmt":"2025-10-13T09:25:22","slug":"hoteles","status":"publish","type":"page","link":"https:\/\/amboise-valdeloire.com\/es\/hoteles\/","title":{"rendered":"Hoteles"},"content":{"rendered":"\t\t<div data-elementor-type=\"wp-page\" data-elementor-id=\"4548\" class=\"elementor elementor-4548\">\n\t\t\t\t\t\t<section class=\"elementor-section elementor-top-section elementor-element elementor-element-8c91205 elementor-section-full_width elementor-section-height-min-height elementor-section-height-default elementor-section-items-middle\" data-id=\"8c91205\" data-element_type=\"section\" data-e-type=\"section\" data-settings=\"{&quot;background_background&quot;:&quot;classic&quot;}\">\n\t\t\t\t\t\t\t<div class=\"elementor-background-overlay\"><\/div>\n\t\t\t\t\t\t\t<div class=\"elementor-container elementor-column-gap-default\">\n\t\t\t\t\t<div class=\"elementor-column elementor-col-100 elementor-top-column elementor-element elementor-element-4f1e7e8\" data-id=\"4f1e7e8\" data-element_type=\"column\" data-e-type=\"column\">\n\t\t\t<div class=\"elementor-widget-wrap elementor-element-populated\">\n\t\t\t\t\t\t<section class=\"elementor-section elementor-inner-section elementor-element elementor-element-804b608 elementor-section-boxed elementor-section-height-default elementor-section-height-default\" data-id=\"804b608\" data-element_type=\"section\" data-e-type=\"section\" data-settings=\"{&quot;background_background&quot;:&quot;classic&quot;}\">\n\t\t\t\t\t\t<div class=\"elementor-container elementor-column-gap-default\">\n\t\t\t\t\t<div class=\"elementor-column elementor-col-100 elementor-inner-column elementor-element elementor-element-c2c62c1\" data-id=\"c2c62c1\" data-element_type=\"column\" data-e-type=\"column\">\n\t\t\t<div class=\"elementor-widget-wrap elementor-element-populated\">\n\t\t\t\t\t\t<div class=\"elementor-element elementor-element-2ff318d elementor-widget elementor-widget-heading\" data-id=\"2ff318d\" data-element_type=\"widget\" data-e-type=\"widget\" data-widget_type=\"heading.default\">\n\t\t\t\t<div class=\"elementor-widget-container\">\n\t\t\t\t\t<h1 class=\"elementor-heading-title elementor-size-default\">Hoteles<\/h1>\t\t\t\t<\/div>\n\t\t\t\t<\/div>\n\t\t\t\t<div class=\"elementor-element elementor-element-0a9615c elementor-widget__width-inherit elementor-widget elementor-widget-image\" data-id=\"0a9615c\" data-element_type=\"widget\" data-e-type=\"widget\" data-widget_type=\"image.default\">\n\t\t\t\t<div class=\"elementor-widget-container\">\n\t\t\t\t\t\t\t\t\t\t\t\t\t\t\t<img decoding=\"async\" width=\"5\" height=\"56\" src=\"https:\/\/amboise-valdeloire.com\/es\/wp-content\/uploads\/sites\/4\/2025\/01\/trait-hero.png\" class=\"attachment-full size-full wp-image-16684\" alt=\"\" \/>\t\t\t\t\t\t\t\t\t\t\t\t\t\t\t<\/div>\n\t\t\t\t<\/div>\n\t\t\t\t\t<\/div>\n\t\t<\/div>\n\t\t\t\t\t<\/div>\n\t\t<\/section>\n\t\t\t\t\t<\/div>\n\t\t<\/div>\n\t\t\t\t\t<\/div>\n\t\t<\/section>\n\t\t\t\t<section class=\"elementor-section elementor-top-section elementor-element elementor-element-cca5d71 elementor-section-full_width elementor-section-height-default elementor-section-height-default\" data-id=\"cca5d71\" data-element_type=\"section\" data-e-type=\"section\" data-settings=\"{&quot;background_background&quot;:&quot;classic&quot;}\">\n\t\t\t\t\t\t<div class=\"elementor-container elementor-column-gap-default\">\n\t\t\t\t\t<div class=\"elementor-column elementor-col-100 elementor-top-column elementor-element elementor-element-cd8efe9\" data-id=\"cd8efe9\" data-element_type=\"column\" data-e-type=\"column\">\n\t\t\t<div class=\"elementor-widget-wrap elementor-element-populated\">\n\t\t\t\t\t\t<section class=\"elementor-section elementor-inner-section elementor-element elementor-element-50cfb4a elementor-section-boxed elementor-section-height-default elementor-section-height-default\" data-id=\"50cfb4a\" data-element_type=\"section\" data-e-type=\"section\" data-settings=\"{&quot;background_background&quot;:&quot;classic&quot;}\">\n\t\t\t\t\t\t<div class=\"elementor-container elementor-column-gap-default\">\n\t\t\t\t\t<div class=\"elementor-column elementor-col-100 elementor-inner-column elementor-element elementor-element-6f29f3e\" data-id=\"6f29f3e\" data-element_type=\"column\" data-e-type=\"column\">\n\t\t\t<div class=\"elementor-widget-wrap elementor-element-populated\">\n\t\t\t\t\t\t<div class=\"elementor-element elementor-element-da62e7c arianne elementor-widget elementor-widget-heading\" data-id=\"da62e7c\" data-element_type=\"widget\" data-e-type=\"widget\" data-widget_type=\"heading.default\">\n\t\t\t\t<div class=\"elementor-widget-container\">\n\t\t\t\t\t<span class=\"elementor-heading-title elementor-size-default\"><a href=\"https:\/\/amboise-valdeloire.com\/es\/\">\nInicio\n<\/a>\n&gt;\n<a href=\"https:\/\/amboise-valdeloire.com\/es\/alojamientos\/\">Alojamientos<\/a>\n&gt;\nHoteles<\/span>\t\t\t\t<\/div>\n\t\t\t\t<\/div>\n\t\t\t\t\t<\/div>\n\t\t<\/div>\n\t\t\t\t\t<\/div>\n\t\t<\/section>\n\t\t\t\t<section class=\"elementor-section elementor-inner-section elementor-element elementor-element-0f73f57 elementor-section-boxed elementor-section-height-default elementor-section-height-default\" data-id=\"0f73f57\" data-element_type=\"section\" data-e-type=\"section\">\n\t\t\t\t\t\t<div class=\"elementor-container elementor-column-gap-default\">\n\t\t\t\t\t<div class=\"elementor-column elementor-col-100 elementor-inner-column elementor-element elementor-element-4d770f3\" data-id=\"4d770f3\" data-element_type=\"column\" data-e-type=\"column\">\n\t\t\t<div class=\"elementor-widget-wrap elementor-element-populated\">\n\t\t\t\t\t\t<div class=\"elementor-element elementor-element-cc51e31 elementor-widget-tablet__width-initial elementor-widget elementor-widget-heading\" data-id=\"cc51e31\" data-element_type=\"widget\" data-e-type=\"widget\" data-widget_type=\"heading.default\">\n\t\t\t\t<div class=\"elementor-widget-container\">\n\t\t\t\t\t<h2 class=\"elementor-heading-title elementor-size-default\">Estancia con todas las comodidades en el Valle del Loira<\/h2>\t\t\t\t<\/div>\n\t\t\t\t<\/div>\n\t\t\t\t<div class=\"elementor-element elementor-element-d493bca elementor-widget elementor-widget-text-editor\" data-id=\"d493bca\" data-element_type=\"widget\" data-e-type=\"widget\" data-widget_type=\"text-editor.default\">\n\t\t\t\t<div class=\"elementor-widget-container\">\n\t\t\t\t\t\t\t\t\t<p>\u00bfBusca un hotel? Descubra nuestra variada oferta hotelera, adaptada a sus gustos y presupuesto. Al\u00f3jese en <strong>un hotel con encanto o en un castillo privado<\/strong> para vivir una aut\u00e9ntica experiencia de \u00abv<strong>ida de castillo a la francesa<\/strong>\u00ab, o bien descanse en un peque\u00f1o hotel <strong>en el coraz\u00f3n de Amboise<\/strong>, cerca de todos los comercios.<\/p>\t\t\t\t\t\t\t\t<\/div>\n\t\t\t\t<\/div>\n\t\t\t\t\t<\/div>\n\t\t<\/div>\n\t\t\t\t\t<\/div>\n\t\t<\/section>\n\t\t\t\t\t<\/div>\n\t\t<\/div>\n\t\t\t\t\t<\/div>\n\t\t<\/section>\n\t\t\t\t<section class=\"elementor-section elementor-top-section elementor-element elementor-element-9168605 elementor-section-full_width elementor-section-height-default elementor-section-height-default\" data-id=\"9168605\" data-element_type=\"section\" data-e-type=\"section\" data-settings=\"{&quot;background_background&quot;:&quot;classic&quot;}\">\n\t\t\t\t\t\t<div class=\"elementor-container elementor-column-gap-default\">\n\t\t\t\t\t<div class=\"elementor-column elementor-col-100 elementor-top-column elementor-element elementor-element-fe091e0\" data-id=\"fe091e0\" data-element_type=\"column\" data-e-type=\"column\">\n\t\t\t<div class=\"elementor-widget-wrap elementor-element-populated\">\n\t\t\t\t\t\t<section class=\"elementor-section elementor-inner-section elementor-element elementor-element-16f85cf elementor-section-boxed elementor-section-height-default elementor-section-height-default\" data-id=\"16f85cf\" data-element_type=\"section\" data-e-type=\"section\">\n\t\t\t\t\t\t<div class=\"elementor-container elementor-column-gap-default\">\n\t\t\t\t\t<div class=\"elementor-column elementor-col-100 elementor-inner-column elementor-element elementor-element-fbe53e2\" data-id=\"fbe53e2\" data-element_type=\"column\" data-e-type=\"column\">\n\t\t\t<div class=\"elementor-widget-wrap elementor-element-populated\">\n\t\t\t\t\t\t<div class=\"elementor-element elementor-element-5202b77 elementor-widget elementor-widget-shortcode\" data-id=\"5202b77\" data-element_type=\"widget\" data-e-type=\"widget\" data-widget_type=\"shortcode.default\">\n\t\t\t\t<div class=\"elementor-widget-container\">\n\t\t\t\t\t\t\t<div class=\"elementor-shortcode\"><\/div>\n\t\t\t\t\t\t<\/div>\n\t\t\t\t<\/div>\n\t\t\t\t\t<\/div>\n\t\t<\/div>\n\t\t\t\t\t<\/div>\n\t\t<\/section>\n\t\t\t\t\t<\/div>\n\t\t<\/div>\n\t\t\t\t\t<\/div>\n\t\t<\/section>\n\t\t\t\t<section class=\"elementor-section elementor-top-section elementor-element elementor-element-ab44919 elementor-section-full_width elementor-hidden-desktop elementor-hidden-tablet elementor-hidden-mobile elementor-section-height-default elementor-section-height-default\" data-id=\"ab44919\" data-element_type=\"section\" data-e-type=\"section\">\n\t\t\t\t\t\t<div class=\"elementor-container elementor-column-gap-default\">\n\t\t\t\t\t<div class=\"elementor-column elementor-col-100 elementor-top-column elementor-element elementor-element-6e98e9e\" data-id=\"6e98e9e\" data-element_type=\"column\" data-e-type=\"column\">\n\t\t\t<div class=\"elementor-widget-wrap elementor-element-populated\">\n\t\t\t\t\t\t<section class=\"elementor-section elementor-inner-section elementor-element elementor-element-83b4068 elementor-section-boxed elementor-section-height-default elementor-section-height-default\" data-id=\"83b4068\" data-element_type=\"section\" data-e-type=\"section\">\n\t\t\t\t\t\t<div class=\"elementor-container elementor-column-gap-default\">\n\t\t\t\t\t<div class=\"elementor-column elementor-col-100 elementor-inner-column elementor-element elementor-element-35374bb\" data-id=\"35374bb\" data-element_type=\"column\" data-e-type=\"column\">\n\t\t\t<div class=\"elementor-widget-wrap elementor-element-populated\">\n\t\t\t\t\t\t<div class=\"elementor-element elementor-element-04202d6 elementor-widget elementor-widget-ucaddon_card_carousel\" data-id=\"04202d6\" data-element_type=\"widget\" data-e-type=\"widget\" data-widget_type=\"ucaddon_card_carousel.default\">\n\t\t\t\t<div class=\"elementor-widget-container\">\n\t\t\t\t\t\n<!-- start Card Carousel -->\n\t\t<link id='font-awesome-css' href='https:\/\/amboise-valdeloire.com\/es\/wp-content\/plugins\/unlimited-elements-for-elementor\/assets_libraries\/font-awesome6\/fontawesome-all.min.css' type='text\/css' rel='stylesheet' >\n\t\t<link id='font-awesome-4-shim-css' href='https:\/\/amboise-valdeloire.com\/es\/wp-content\/plugins\/unlimited-elements-for-elementor\/assets_libraries\/font-awesome6\/fontawesome-v4-shims.min.css' type='text\/css' rel='stylesheet' >\n\t\t<link id='owl-carousel-css' href='https:\/\/amboise-valdeloire.com\/es\/wp-content\/plugins\/unlimited-elements-for-elementor\/assets_libraries\/owl-carousel-new\/assets\/owl.carousel.css' type='text\/css' rel='stylesheet' >\n\t\t<link id='uc_ac_assets_file_animate_css_77907-css' href='https:\/\/amboise-valdeloire.com\/es\/wp-content\/uploads\/sites\/4\/ac_assets\/uc_classic_carousel\/animate.css' type='text\/css' rel='stylesheet' >\n\n<style>\/* widget: Card Carousel *\/\n\n#uc_card_carousel_elementor_04202d6-wrapper\n{\n  min-height:1px;\n}\n#uc_card_carousel_elementor_04202d6 *{\n\t-webkit-box-sizing: border-box;\n\t-moz-box-sizing: border-box;\n\tbox-sizing: border-box;\n}\n\n#uc_card_carousel_elementor_04202d6 .ue-carousel-item\n{\n  overflow:hidden;\n  transition:0.3s;\n}\n\n#uc_card_carousel_elementor_04202d6 .uc_classic_carousel_container_holder\n{\n\tdisplay:block;\n\tposition:relative;\n\twidth:100%;\n    box-sizing: border-box;\n}\n#uc_card_carousel_elementor_04202d6 .uc_classic_carousel_placeholder{\n   position:relative;\n}\n\n#uc_card_carousel_elementor_04202d6 .uc_classic_carousel_placeholder img, #uc_card_carousel_elementor_04202d6 .ue_card_carousel_image_overlay\n{\n  transition: all 300ms;\n}\n\n.card_carousel_title\n{\n\tfont-size:21px;\n}\n\n.uc_classic_carousel .uc_classic_carousel_border\n{\n\tdisplay:block;\n    margin:0 auto;\n}\n\n.uc_classic_carousel  .uc_classic_carousel_placeholder img\n{\n\twidth:100%;\n    \n    display:inline-flex;\n}\n.uc_classic_carousel .uc_classic_carousel_content\n{\n  display: flex;\n flex-flow: column nowrap;\n}\n\n.uc_classic_carousel .ue_button\n{\n  margin-top:auto;\n\n}\n\n.uc_classic_carousel .uc_classic_carousel_content .uc_more_btn {\n\tdisplay:inline-block;\n\ttext-decoration:none;\n\ttransition: all 0.5s ease;\n}\n\n\n#uc_card_carousel_elementor_04202d6 .owl-dots {\noverflow:hidden;\ntext-align:center;\n}\n\n#uc_card_carousel_elementor_04202d6 .owl-dot {\nborder-radius:50%;\ndisplay:inline-block;\n}\n\n#uc_card_carousel_elementor_04202d6 .owl-nav .owl-prev,\n#uc_card_carousel_elementor_04202d6 .owl-nav .owl-next{\n    position:absolute;\n    display:flex;\n  \tjustify-content: center;\n  \talign-items: center;\n    text-align:center;\n}\n\n\n#uc_card_carousel_elementor_04202d6 .owl-nav .disabled\n{\n    display: none;  \n}\n\n\n#uc_card_carousel_elementor_04202d6 .ue-item-icon\n{\n  line-height:1em;\n  display:inline-flex;\n  justify-content:center;\n  align-items:center;\n  \n}\n\n#uc_card_carousel_elementor_04202d6 .ue-item-icon svg\n{\n  height:1em;\n  width:1em;\n}\n\n#uc_card_carousel_elementor_04202d6 .ue-item-icon-wrapper\n{\n  display:flex;\n}\n\n#uc_card_carousel_elementor_04202d6 .uc_classic_carousel_container_holder {\n\t max-width: ;\n}\n\n\n\n@media screen and (max-width: 1024px) {\n  #uc_card_carousel_elementor_04202d6 .uc_classic_carousel_container_holder {\n\t max-width: ;\n  }\n}\n\n@media screen and (max-width: 767px) {\n  #uc_card_carousel_elementor_04202d6 .uc_classic_carousel_container_holder {\n    max-width: ;\n  }\n}\n\n<\/style>\n\n<div class=\"uc_classic_carousel\" id=\"uc_card_carousel_elementor_04202d6-wrapper\">\n        <div class=\"uc_carousel owl-carousel uc-items-wrapper  \" id=\"uc_card_carousel_elementor_04202d6\"  >\n          \t<div class=\"uc_classic_carousel_container_holder ue-item elementor-repeater-item-a7adf29\">\n  <div class=\"ue-carousel-item\">\n      <div class=\"uc_classic_carousel_placeholder\">\n    <a href=\"#\" title=\"\" >      <img fetchpriority=\"high\" decoding=\"async\" src=\"https:\/\/amboise-valdeloire.com\/es\/wp-content\/uploads\/sites\/4\/2025\/01\/placeholder.png\"  src=\"https:\/\/amboise-valdeloire.com\/es\/wp-content\/uploads\/sites\/4\/2025\/01\/placeholder.png\" alt=\"placeholder\" width=\"1201\" height=\"900\">\n    <\/a>      <\/div>\n    <div class=\"uc_classic_carousel_content\" style=\"direction:ltr;\">\n    \n    \n        \n          \t\n      <div  class=\"card_carousel_title\"><\/div>\n          \t\n    \n      \n        \n    \n    \t\n    \n    \n    \t\n  <\/div>\n  <\/div>\n<\/div>\n<div class=\"uc_classic_carousel_container_holder ue-item elementor-repeater-item-b70add2\">\n  <div class=\"ue-carousel-item\">\n      <div class=\"uc_classic_carousel_placeholder\">\n    <a href=\"#\" title=\"\" >      <img fetchpriority=\"high\" decoding=\"async\" src=\"https:\/\/amboise-valdeloire.com\/es\/wp-content\/uploads\/sites\/4\/2025\/01\/placeholder.png\"  src=\"https:\/\/amboise-valdeloire.com\/es\/wp-content\/uploads\/sites\/4\/2025\/01\/placeholder.png\" alt=\"placeholder\" width=\"1201\" height=\"900\">\n    <\/a>      <\/div>\n    <div class=\"uc_classic_carousel_content\" style=\"direction:ltr;\">\n    \n    \n        \n          \t\n      <div  class=\"card_carousel_title\"><\/div>\n          \t\n    \n      \n        \n    \n    \t\n    \n    \n    \t\n  <\/div>\n  <\/div>\n<\/div>\n<div class=\"uc_classic_carousel_container_holder ue-item elementor-repeater-item-bfec213\">\n  <div class=\"ue-carousel-item\">\n      <div class=\"uc_classic_carousel_placeholder\">\n    <a href=\"#\" title=\"\" >      <img fetchpriority=\"high\" decoding=\"async\" src=\"https:\/\/amboise-valdeloire.com\/es\/wp-content\/uploads\/sites\/4\/2025\/01\/placeholder.png\"  src=\"https:\/\/amboise-valdeloire.com\/es\/wp-content\/uploads\/sites\/4\/2025\/01\/placeholder.png\" alt=\"placeholder\" width=\"1201\" height=\"900\">\n    <\/a>      <\/div>\n    <div class=\"uc_classic_carousel_content\" style=\"direction:ltr;\">\n    \n    \n        \n          \t\n      <div  class=\"card_carousel_title\"><\/div>\n          \t\n    \n      \n        \n    \n    \t\n    \n    \n    \t\n  <\/div>\n  <\/div>\n<\/div>\n\n      <\/div>\n<\/div>\n<!-- end Card Carousel -->\t\t\t\t<\/div>\n\t\t\t\t<\/div>\n\t\t\t\t\t<\/div>\n\t\t<\/div>\n\t\t\t\t\t<\/div>\n\t\t<\/section>\n\t\t\t\t\t<\/div>\n\t\t<\/div>\n\t\t\t\t\t<\/div>\n\t\t<\/section>\n\t\t\t\t<section class=\"elementor-section elementor-top-section elementor-element elementor-element-544585a elementor-section-full_width elementor-section-height-min-height elementor-hidden-desktop elementor-hidden-tablet elementor-hidden-mobile elementor-section-height-default elementor-section-items-middle\" data-id=\"544585a\" data-element_type=\"section\" data-e-type=\"section\" data-settings=\"{&quot;background_background&quot;:&quot;classic&quot;}\">\n\t\t\t\t\t\t<div class=\"elementor-container elementor-column-gap-default\">\n\t\t\t\t\t<div class=\"elementor-column elementor-col-100 elementor-top-column elementor-element elementor-element-f293280\" data-id=\"f293280\" data-element_type=\"column\" data-e-type=\"column\">\n\t\t\t<div class=\"elementor-widget-wrap\">\n\t\t\t\t\t\t\t<\/div>\n\t\t<\/div>\n\t\t\t\t\t<\/div>\n\t\t<\/section>\n\t\t\t\t<\/div>\n\t\t","protected":false},"excerpt":{"rendered":"<p>S\u00e9journez dans un h\u00f4tel de charme ou dans un ch\u00e2teau priv\u00e9 pour une immersion \u00ab vie de ch\u00e2teau \u00e0 la fran\u00e7aise \u00bb .<\/p>\n","protected":false},"author":1,"featured_media":7202,"parent":0,"menu_order":0,"comment_status":"closed","ping_status":"closed","template":"","meta":{"inline_featured_image":false,"footnotes":""},"folder":[],"class_list":["post-4548","page","type-page","status-publish","has-post-thumbnail","hentry"],"yoast_head":"<!-- This site is optimized with the Yoast SEO plugin v27.5 - https:\/\/yoast.com\/product\/yoast-seo-wordpress\/ -->\n<title>Hoteles - Oficina de Turismo del Valle del Loira de Amboise, Castillos del Valle del Loira<\/title>\n<meta name=\"description\" content=\"Al\u00f3jese en un hotel con encanto o en un castillo privado para sumergirse en la \u201cvida de un castillo franc\u00e9s\u201d.\" \/>\n<meta name=\"robots\" content=\"index, follow, max-snippet:-1, max-image-preview:large, max-video-preview:-1\" \/>\n<link rel=\"canonical\" href=\"https:\/\/amboise-valdeloire.com\/es\/hoteles\/\" \/>\n<meta property=\"og:locale\" content=\"es_ES\" \/>\n<meta property=\"og:type\" content=\"article\" \/>\n<meta property=\"og:title\" content=\"Hoteles - Oficina de Turismo del Valle del Loira de Amboise, Castillos del Valle del Loira\" \/>\n<meta property=\"og:description\" content=\"Al\u00f3jese en un hotel con encanto o en un castillo privado para sumergirse en la \u201cvida de un castillo franc\u00e9s\u201d.\" \/>\n<meta property=\"og:url\" content=\"https:\/\/amboise-valdeloire.com\/es\/hoteles\/\" \/>\n<meta property=\"og:site_name\" content=\"Oficina de Turismo del Valle del Loira de Amboise, Castillos del Valle del Loira\" \/>\n<meta property=\"article:modified_time\" content=\"2025-10-13T09:25:22+00:00\" \/>\n<meta property=\"og:image\" content=\"http:\/\/amboise-valdeloire.com\/es\/wp-content\/uploads\/sites\/4\/2024\/02\/hebergement-domaine-des-thomeaux.jpg\" \/>\n\t<meta property=\"og:image:width\" content=\"1920\" \/>\n\t<meta property=\"og:image:height\" content=\"1281\" \/>\n\t<meta property=\"og:image:type\" content=\"image\/jpeg\" \/>\n<meta name=\"twitter:card\" content=\"summary_large_image\" \/>\n<meta name=\"twitter:label1\" content=\"Tiempo de lectura\" \/>\n\t<meta name=\"twitter:data1\" content=\"2 minutos\" \/>\n<script type=\"application\/ld+json\" class=\"yoast-schema-graph\">{\"@context\":\"https:\\\/\\\/schema.org\",\"@graph\":[{\"@type\":\"WebPage\",\"@id\":\"https:\\\/\\\/amboise-valdeloire.com\\\/es\\\/hoteles\\\/\",\"url\":\"https:\\\/\\\/amboise-valdeloire.com\\\/es\\\/hoteles\\\/\",\"name\":\"Hoteles - Oficina de Turismo del Valle del Loira de Amboise, Castillos del Valle del Loira\",\"isPartOf\":{\"@id\":\"https:\\\/\\\/amboise-valdeloire.com\\\/es\\\/#website\"},\"primaryImageOfPage\":{\"@id\":\"https:\\\/\\\/amboise-valdeloire.com\\\/es\\\/hoteles\\\/#primaryimage\"},\"image\":{\"@id\":\"https:\\\/\\\/amboise-valdeloire.com\\\/es\\\/hoteles\\\/#primaryimage\"},\"thumbnailUrl\":\"https:\\\/\\\/amboise-valdeloire.com\\\/es\\\/wp-content\\\/uploads\\\/sites\\\/4\\\/2024\\\/02\\\/hebergement-domaine-des-thomeaux.jpg\",\"datePublished\":\"2024-01-11T13:12:03+00:00\",\"dateModified\":\"2025-10-13T09:25:22+00:00\",\"description\":\"Al\u00f3jese en un hotel con encanto o en un castillo privado para sumergirse en la \u201cvida de un castillo franc\u00e9s\u201d.\",\"breadcrumb\":{\"@id\":\"https:\\\/\\\/amboise-valdeloire.com\\\/es\\\/hoteles\\\/#breadcrumb\"},\"inLanguage\":\"es\",\"potentialAction\":[{\"@type\":\"ReadAction\",\"target\":[\"https:\\\/\\\/amboise-valdeloire.com\\\/es\\\/hoteles\\\/\"]}]},{\"@type\":\"ImageObject\",\"inLanguage\":\"es\",\"@id\":\"https:\\\/\\\/amboise-valdeloire.com\\\/es\\\/hoteles\\\/#primaryimage\",\"url\":\"https:\\\/\\\/amboise-valdeloire.com\\\/es\\\/wp-content\\\/uploads\\\/sites\\\/4\\\/2024\\\/02\\\/hebergement-domaine-des-thomeaux.jpg\",\"contentUrl\":\"https:\\\/\\\/amboise-valdeloire.com\\\/es\\\/wp-content\\\/uploads\\\/sites\\\/4\\\/2024\\\/02\\\/hebergement-domaine-des-thomeaux.jpg\",\"width\":1920,\"height\":1281,\"caption\":\"H\u00e9bergement au domaine des Thomeaux\"},{\"@type\":\"BreadcrumbList\",\"@id\":\"https:\\\/\\\/amboise-valdeloire.com\\\/es\\\/hoteles\\\/#breadcrumb\",\"itemListElement\":[{\"@type\":\"ListItem\",\"position\":1,\"name\":\"Inicio\",\"item\":\"https:\\\/\\\/amboise-valdeloire.com\\\/es\\\/\"},{\"@type\":\"ListItem\",\"position\":2,\"name\":\"Hoteles\"}]},{\"@type\":\"WebSite\",\"@id\":\"https:\\\/\\\/amboise-valdeloire.com\\\/es\\\/#website\",\"url\":\"https:\\\/\\\/amboise-valdeloire.com\\\/es\\\/\",\"name\":\"Oficina de Turismo del Valle del Loira de Amboise, Castillos del Valle del Loira\",\"description\":\"\",\"potentialAction\":[{\"@type\":\"SearchAction\",\"target\":{\"@type\":\"EntryPoint\",\"urlTemplate\":\"https:\\\/\\\/amboise-valdeloire.com\\\/es\\\/?s={search_term_string}\"},\"query-input\":{\"@type\":\"PropertyValueSpecification\",\"valueRequired\":true,\"valueName\":\"search_term_string\"}}],\"inLanguage\":\"es\"}]}<\/script>\n<!-- \/ Yoast SEO plugin. -->","yoast_head_json":{"title":"Hoteles - Oficina de Turismo del Valle del Loira de Amboise, Castillos del Valle del Loira","description":"Al\u00f3jese en un hotel con encanto o en un castillo privado para sumergirse en la \u201cvida de un castillo franc\u00e9s\u201d.","robots":{"index":"index","follow":"follow","max-snippet":"max-snippet:-1","max-image-preview":"max-image-preview:large","max-video-preview":"max-video-preview:-1"},"canonical":"https:\/\/amboise-valdeloire.com\/es\/hoteles\/","og_locale":"es_ES","og_type":"article","og_title":"Hoteles - Oficina de Turismo del Valle del Loira de Amboise, Castillos del Valle del Loira","og_description":"Al\u00f3jese en un hotel con encanto o en un castillo privado para sumergirse en la \u201cvida de un castillo franc\u00e9s\u201d.","og_url":"https:\/\/amboise-valdeloire.com\/es\/hoteles\/","og_site_name":"Oficina de Turismo del Valle del Loira de Amboise, Castillos del Valle del Loira","article_modified_time":"2025-10-13T09:25:22+00:00","og_image":[{"width":1920,"height":1281,"url":"http:\/\/amboise-valdeloire.com\/es\/wp-content\/uploads\/sites\/4\/2024\/02\/hebergement-domaine-des-thomeaux.jpg","type":"image\/jpeg"}],"twitter_card":"summary_large_image","twitter_misc":{"Tiempo de lectura":"2 minutos"},"schema":{"@context":"https:\/\/schema.org","@graph":[{"@type":"WebPage","@id":"https:\/\/amboise-valdeloire.com\/es\/hoteles\/","url":"https:\/\/amboise-valdeloire.com\/es\/hoteles\/","name":"Hoteles - Oficina de Turismo del Valle del Loira de Amboise, Castillos del Valle del Loira","isPartOf":{"@id":"https:\/\/amboise-valdeloire.com\/es\/#website"},"primaryImageOfPage":{"@id":"https:\/\/amboise-valdeloire.com\/es\/hoteles\/#primaryimage"},"image":{"@id":"https:\/\/amboise-valdeloire.com\/es\/hoteles\/#primaryimage"},"thumbnailUrl":"https:\/\/amboise-valdeloire.com\/es\/wp-content\/uploads\/sites\/4\/2024\/02\/hebergement-domaine-des-thomeaux.jpg","datePublished":"2024-01-11T13:12:03+00:00","dateModified":"2025-10-13T09:25:22+00:00","description":"Al\u00f3jese en un hotel con encanto o en un castillo privado para sumergirse en la \u201cvida de un castillo franc\u00e9s\u201d.","breadcrumb":{"@id":"https:\/\/amboise-valdeloire.com\/es\/hoteles\/#breadcrumb"},"inLanguage":"es","potentialAction":[{"@type":"ReadAction","target":["https:\/\/amboise-valdeloire.com\/es\/hoteles\/"]}]},{"@type":"ImageObject","inLanguage":"es","@id":"https:\/\/amboise-valdeloire.com\/es\/hoteles\/#primaryimage","url":"https:\/\/amboise-valdeloire.com\/es\/wp-content\/uploads\/sites\/4\/2024\/02\/hebergement-domaine-des-thomeaux.jpg","contentUrl":"https:\/\/amboise-valdeloire.com\/es\/wp-content\/uploads\/sites\/4\/2024\/02\/hebergement-domaine-des-thomeaux.jpg","width":1920,"height":1281,"caption":"H\u00e9bergement au domaine des Thomeaux"},{"@type":"BreadcrumbList","@id":"https:\/\/amboise-valdeloire.com\/es\/hoteles\/#breadcrumb","itemListElement":[{"@type":"ListItem","position":1,"name":"Inicio","item":"https:\/\/amboise-valdeloire.com\/es\/"},{"@type":"ListItem","position":2,"name":"Hoteles"}]},{"@type":"WebSite","@id":"https:\/\/amboise-valdeloire.com\/es\/#website","url":"https:\/\/amboise-valdeloire.com\/es\/","name":"Oficina de Turismo del Valle del Loira de Amboise, Castillos del Valle del Loira","description":"","potentialAction":[{"@type":"SearchAction","target":{"@type":"EntryPoint","urlTemplate":"https:\/\/amboise-valdeloire.com\/es\/?s={search_term_string}"},"query-input":{"@type":"PropertyValueSpecification","valueRequired":true,"valueName":"search_term_string"}}],"inLanguage":"es"}]}},"_links":{"self":[{"href":"https:\/\/amboise-valdeloire.com\/es\/wp-json\/wp\/v2\/pages\/4548","targetHints":{"allow":["GET"]}}],"collection":[{"href":"https:\/\/amboise-valdeloire.com\/es\/wp-json\/wp\/v2\/pages"}],"about":[{"href":"https:\/\/amboise-valdeloire.com\/es\/wp-json\/wp\/v2\/types\/page"}],"author":[{"embeddable":true,"href":"https:\/\/amboise-valdeloire.com\/es\/wp-json\/wp\/v2\/users\/1"}],"replies":[{"embeddable":true,"href":"https:\/\/amboise-valdeloire.com\/es\/wp-json\/wp\/v2\/comments?post=4548"}],"version-history":[{"count":53,"href":"https:\/\/amboise-valdeloire.com\/es\/wp-json\/wp\/v2\/pages\/4548\/revisions"}],"predecessor-version":[{"id":21667,"href":"https:\/\/amboise-valdeloire.com\/es\/wp-json\/wp\/v2\/pages\/4548\/revisions\/21667"}],"wp:featuredmedia":[{"embeddable":true,"href":"https:\/\/amboise-valdeloire.com\/es\/wp-json\/wp\/v2\/media\/7202"}],"wp:attachment":[{"href":"https:\/\/amboise-valdeloire.com\/es\/wp-json\/wp\/v2\/media?parent=4548"}],"wp:term":[{"taxonomy":"folder","embeddable":true,"href":"https:\/\/amboise-valdeloire.com\/es\/wp-json\/wp\/v2\/folder?post=4548"}],"curies":[{"name":"wp","href":"https:\/\/api.w.org\/{rel}","templated":true}]}}