{"id":9257,"date":"2024-03-05T11:25:49","date_gmt":"2024-03-05T10:25:49","guid":{"rendered":"https:\/\/amboise-valdeloire.com\/?page_id=9257"},"modified":"2025-02-07T09:33:39","modified_gmt":"2025-02-07T08:33:39","slug":"details","status":"publish","type":"page","link":"https:\/\/amboise-valdeloire.com\/en\/hotel-residences\/details\/","title":{"rendered":"D\u00e9tails R\u00e9sidences H\u00f4teli\u00e8res"},"content":{"rendered":"","protected":false},"excerpt":{"rendered":"","protected":false},"author":1,"featured_media":7222,"parent":4573,"menu_order":0,"comment_status":"closed","ping_status":"closed","template":"en_template-detail-residences-hotelieres.php","meta":{"inline_featured_image":false,"footnotes":""},"folder":[],"class_list":["post-9257","page","type-page","status-publish","has-post-thumbnail","hentry"],"yoast_head":"\nD\u00e9tails R\u00e9sidences H\u00f4teli\u00e8res - Amboise Val de Loire Tourist Office<\/title>\n<meta name=\"robots\" content=\"index, follow, max-snippet:-1, max-image-preview:large, max-video-preview:-1\" \/>\n<link rel=\"canonical\" href=\"https:\/\/amboise-valdeloire.com\/en\/hotel-residences\/details\/\" \/>\n<meta property=\"og:locale\" content=\"en_US\" \/>\n<meta property=\"og:type\" content=\"article\" \/>\n<meta property=\"og:title\" content=\"D\u00e9tails R\u00e9sidences H\u00f4teli\u00e8res - Amboise Val de Loire Tourist Office\" \/>\n<meta property=\"og:url\" content=\"https:\/\/amboise-valdeloire.com\/en\/hotel-residences\/details\/\" \/>\n<meta property=\"og:site_name\" content=\"Amboise Val de Loire Tourist Office\" \/>\n<meta property=\"article:modified_time\" content=\"2025-02-07T08:33:39+00:00\" \/>\n<meta property=\"og:image\" content=\"http:\/\/amboise-valdeloire.com\/en\/wp-content\/uploads\/sites\/3\/2024\/02\/camping-les-patis-nazelles-negron-2.jpg\" \/>\n\t<meta property=\"og:image:width\" content=\"1632\" \/>\n\t<meta property=\"og:image:height\" content=\"1224\" \/>\n\t<meta property=\"og:image:type\" content=\"image\/jpeg\" \/>\n<meta name=\"twitter:card\" content=\"summary_large_image\" \/>\n<meta name=\"twitter:label1\" content=\"Est. reading time\" \/>\n\t<meta name=\"twitter:data1\" content=\"1 minute\" \/>\n<script type=\"application\/ld+json\" class=\"yoast-schema-graph\">{\"@context\":\"https:\\\/\\\/schema.org\",\"@graph\":[{\"@type\":\"WebPage\",\"@id\":\"https:\\\/\\\/amboise-valdeloire.com\\\/en\\\/hotel-residences\\\/details\\\/\",\"url\":\"https:\\\/\\\/amboise-valdeloire.com\\\/en\\\/hotel-residences\\\/details\\\/\",\"name\":\"D\u00e9tails R\u00e9sidences H\u00f4teli\u00e8res - Amboise Val de Loire Tourist Office\",\"isPartOf\":{\"@id\":\"https:\\\/\\\/amboise-valdeloire.com\\\/en\\\/#website\"},\"primaryImageOfPage\":{\"@id\":\"https:\\\/\\\/amboise-valdeloire.com\\\/en\\\/hotel-residences\\\/details\\\/#primaryimage\"},\"image\":{\"@id\":\"https:\\\/\\\/amboise-valdeloire.com\\\/en\\\/hotel-residences\\\/details\\\/#primaryimage\"},\"thumbnailUrl\":\"https:\\\/\\\/amboise-valdeloire.com\\\/en\\\/wp-content\\\/uploads\\\/sites\\\/3\\\/2024\\\/02\\\/campsite-les-patis-nazelles-negron-2.jpg\",\"datePublished\":\"2024-03-05T10:25:49+00:00\",\"dateModified\":\"2025-02-07T08:33:39+00:00\",\"breadcrumb\":{\"@id\":\"https:\\\/\\\/amboise-valdeloire.com\\\/en\\\/hotel-residences\\\/details\\\/#breadcrumb\"},\"inLanguage\":\"en-US\",\"potentialAction\":[{\"@type\":\"ReadAction\",\"target\":[\"https:\\\/\\\/amboise-valdeloire.com\\\/en\\\/hotel-residences\\\/details\\\/\"]}]},{\"@type\":\"ImageObject\",\"inLanguage\":\"en-US\",\"@id\":\"https:\\\/\\\/amboise-valdeloire.com\\\/en\\\/hotel-residences\\\/details\\\/#primaryimage\",\"url\":\"https:\\\/\\\/amboise-valdeloire.com\\\/en\\\/wp-content\\\/uploads\\\/sites\\\/3\\\/2024\\\/02\\\/campsite-les-patis-nazelles-negron-2.jpg\",\"contentUrl\":\"https:\\\/\\\/amboise-valdeloire.com\\\/en\\\/wp-content\\\/uploads\\\/sites\\\/3\\\/2024\\\/02\\\/campsite-les-patis-nazelles-negron-2.jpg\",\"width\":1632,\"height\":1224,\"caption\":\"Campsite\"},{\"@type\":\"BreadcrumbList\",\"@id\":\"https:\\\/\\\/amboise-valdeloire.com\\\/en\\\/hotel-residences\\\/details\\\/#breadcrumb\",\"itemListElement\":[{\"@type\":\"ListItem\",\"position\":1,\"name\":\"Home\",\"item\":\"https:\\\/\\\/amboise-valdeloire.com\\\/en\\\/\"},{\"@type\":\"ListItem\",\"position\":2,\"name\":\"Hotel residences\",\"item\":\"https:\\\/\\\/amboise-valdeloire.com\\\/en\\\/hotel-residences\\\/\"},{\"@type\":\"ListItem\",\"position\":3,\"name\":\"D\u00e9tails R\u00e9sidences H\u00f4teli\u00e8res\"}]},{\"@type\":\"WebSite\",\"@id\":\"https:\\\/\\\/amboise-valdeloire.com\\\/en\\\/#website\",\"url\":\"https:\\\/\\\/amboise-valdeloire.com\\\/en\\\/\",\"name\":\"Amboise Val de Loire Tourist Office\",\"description\":\"\",\"potentialAction\":[{\"@type\":\"SearchAction\",\"target\":{\"@type\":\"EntryPoint\",\"urlTemplate\":\"https:\\\/\\\/amboise-valdeloire.com\\\/en\\\/?s={search_term_string}\"},\"query-input\":{\"@type\":\"PropertyValueSpecification\",\"valueRequired\":true,\"valueName\":\"search_term_string\"}}],\"inLanguage\":\"en-US\"}]}<\/script>\n<!-- \/ Yoast SEO plugin. -->","yoast_head_json":{"title":"D\u00e9tails R\u00e9sidences H\u00f4teli\u00e8res - Amboise Val de Loire Tourist Office","robots":{"index":"index","follow":"follow","max-snippet":"max-snippet:-1","max-image-preview":"max-image-preview:large","max-video-preview":"max-video-preview:-1"},"canonical":"https:\/\/amboise-valdeloire.com\/en\/hotel-residences\/details\/","og_locale":"en_US","og_type":"article","og_title":"D\u00e9tails R\u00e9sidences H\u00f4teli\u00e8res - Amboise Val de Loire Tourist Office","og_url":"https:\/\/amboise-valdeloire.com\/en\/hotel-residences\/details\/","og_site_name":"Amboise Val de Loire Tourist Office","article_modified_time":"2025-02-07T08:33:39+00:00","og_image":[{"width":1632,"height":1224,"url":"http:\/\/amboise-valdeloire.com\/en\/wp-content\/uploads\/sites\/3\/2024\/02\/camping-les-patis-nazelles-negron-2.jpg","type":"image\/jpeg"}],"twitter_card":"summary_large_image","twitter_misc":{"Est. reading time":"1 minute"},"schema":{"@context":"https:\/\/schema.org","@graph":[{"@type":"WebPage","@id":"https:\/\/amboise-valdeloire.com\/en\/hotel-residences\/details\/","url":"https:\/\/amboise-valdeloire.com\/en\/hotel-residences\/details\/","name":"D\u00e9tails R\u00e9sidences H\u00f4teli\u00e8res - Amboise Val de Loire Tourist Office","isPartOf":{"@id":"https:\/\/amboise-valdeloire.com\/en\/#website"},"primaryImageOfPage":{"@id":"https:\/\/amboise-valdeloire.com\/en\/hotel-residences\/details\/#primaryimage"},"image":{"@id":"https:\/\/amboise-valdeloire.com\/en\/hotel-residences\/details\/#primaryimage"},"thumbnailUrl":"https:\/\/amboise-valdeloire.com\/en\/wp-content\/uploads\/sites\/3\/2024\/02\/campsite-les-patis-nazelles-negron-2.jpg","datePublished":"2024-03-05T10:25:49+00:00","dateModified":"2025-02-07T08:33:39+00:00","breadcrumb":{"@id":"https:\/\/amboise-valdeloire.com\/en\/hotel-residences\/details\/#breadcrumb"},"inLanguage":"en-US","potentialAction":[{"@type":"ReadAction","target":["https:\/\/amboise-valdeloire.com\/en\/hotel-residences\/details\/"]}]},{"@type":"ImageObject","inLanguage":"en-US","@id":"https:\/\/amboise-valdeloire.com\/en\/hotel-residences\/details\/#primaryimage","url":"https:\/\/amboise-valdeloire.com\/en\/wp-content\/uploads\/sites\/3\/2024\/02\/campsite-les-patis-nazelles-negron-2.jpg","contentUrl":"https:\/\/amboise-valdeloire.com\/en\/wp-content\/uploads\/sites\/3\/2024\/02\/campsite-les-patis-nazelles-negron-2.jpg","width":1632,"height":1224,"caption":"Campsite"},{"@type":"BreadcrumbList","@id":"https:\/\/amboise-valdeloire.com\/en\/hotel-residences\/details\/#breadcrumb","itemListElement":[{"@type":"ListItem","position":1,"name":"Home","item":"https:\/\/amboise-valdeloire.com\/en\/"},{"@type":"ListItem","position":2,"name":"Hotel residences","item":"https:\/\/amboise-valdeloire.com\/en\/hotel-residences\/"},{"@type":"ListItem","position":3,"name":"D\u00e9tails R\u00e9sidences H\u00f4teli\u00e8res"}]},{"@type":"WebSite","@id":"https:\/\/amboise-valdeloire.com\/en\/#website","url":"https:\/\/amboise-valdeloire.com\/en\/","name":"Amboise Val de Loire Tourist Office","description":"","potentialAction":[{"@type":"SearchAction","target":{"@type":"EntryPoint","urlTemplate":"https:\/\/amboise-valdeloire.com\/en\/?s={search_term_string}"},"query-input":{"@type":"PropertyValueSpecification","valueRequired":true,"valueName":"search_term_string"}}],"inLanguage":"en-US"}]}},"_links":{"self":[{"href":"https:\/\/amboise-valdeloire.com\/en\/wp-json\/wp\/v2\/pages\/9257","targetHints":{"allow":["GET"]}}],"collection":[{"href":"https:\/\/amboise-valdeloire.com\/en\/wp-json\/wp\/v2\/pages"}],"about":[{"href":"https:\/\/amboise-valdeloire.com\/en\/wp-json\/wp\/v2\/types\/page"}],"author":[{"embeddable":true,"href":"https:\/\/amboise-valdeloire.com\/en\/wp-json\/wp\/v2\/users\/1"}],"replies":[{"embeddable":true,"href":"https:\/\/amboise-valdeloire.com\/en\/wp-json\/wp\/v2\/comments?post=9257"}],"version-history":[{"count":1,"href":"https:\/\/amboise-valdeloire.com\/en\/wp-json\/wp\/v2\/pages\/9257\/revisions"}],"predecessor-version":[{"id":17220,"href":"https:\/\/amboise-valdeloire.com\/en\/wp-json\/wp\/v2\/pages\/9257\/revisions\/17220"}],"up":[{"embeddable":true,"href":"https:\/\/amboise-valdeloire.com\/en\/wp-json\/wp\/v2\/pages\/4573"}],"wp:featuredmedia":[{"embeddable":true,"href":"https:\/\/amboise-valdeloire.com\/en\/wp-json\/wp\/v2\/media\/7222"}],"wp:attachment":[{"href":"https:\/\/amboise-valdeloire.com\/en\/wp-json\/wp\/v2\/media?parent=9257"}],"wp:term":[{"taxonomy":"folder","embeddable":true,"href":"https:\/\/amboise-valdeloire.com\/en\/wp-json\/wp\/v2\/folder?post=9257"}],"curies":[{"name":"wp","href":"https:\/\/api.w.org\/{rel}","templated":true}]}}