{"id":4593,"date":"2024-01-11T14:20:31","date_gmt":"2024-01-11T13:20:31","guid":{"rendered":"https:\/\/amboise-valdeloire.com\/?page_id=4593"},"modified":"2025-09-10T10:36:35","modified_gmt":"2025-09-10T08:36:35","slug":"aerial-activities","status":"publish","type":"page","link":"https:\/\/amboise-valdeloire.com\/en\/aerial-activities\/","title":{"rendered":"Aerial activities"},"content":{"rendered":"\t\t<div data-elementor-type=\"wp-page\" data-elementor-id=\"4593\" class=\"elementor elementor-4593\">\n\t\t\t\t\t\t<section class=\"elementor-section elementor-top-section elementor-element elementor-element-4f9e445 elementor-section-full_width elementor-section-height-min-height elementor-section-height-default elementor-section-items-middle\" data-id=\"4f9e445\" data-element_type=\"section\" data-e-type=\"section\" data-settings=\"{&quot;background_background&quot;:&quot;classic&quot;}\">\n\t\t\t\t\t\t\t<div class=\"elementor-background-overlay\"><\/div>\n\t\t\t\t\t\t\t<div class=\"elementor-container elementor-column-gap-default\">\n\t\t\t\t\t<div class=\"elementor-column elementor-col-100 elementor-top-column elementor-element elementor-element-ecedf02\" data-id=\"ecedf02\" data-element_type=\"column\" data-e-type=\"column\">\n\t\t\t<div class=\"elementor-widget-wrap elementor-element-populated\">\n\t\t\t\t\t\t<section class=\"elementor-section elementor-inner-section elementor-element elementor-element-4853e97 elementor-section-boxed elementor-section-height-default elementor-section-height-default\" data-id=\"4853e97\" data-element_type=\"section\" data-e-type=\"section\" data-settings=\"{&quot;background_background&quot;:&quot;classic&quot;}\">\n\t\t\t\t\t\t<div class=\"elementor-container elementor-column-gap-default\">\n\t\t\t\t\t<div class=\"elementor-column elementor-col-100 elementor-inner-column elementor-element elementor-element-77e6918\" data-id=\"77e6918\" data-element_type=\"column\" data-e-type=\"column\">\n\t\t\t<div class=\"elementor-widget-wrap elementor-element-populated\">\n\t\t\t\t\t\t<div class=\"elementor-element elementor-element-e4fd62f elementor-widget elementor-widget-heading\" data-id=\"e4fd62f\" data-element_type=\"widget\" data-e-type=\"widget\" data-widget_type=\"heading.default\">\n\t\t\t\t<div class=\"elementor-widget-container\">\n\t\t\t\t\t<h1 class=\"elementor-heading-title elementor-size-default\">Aerial activities<\/h1>\t\t\t\t<\/div>\n\t\t\t\t<\/div>\n\t\t\t\t<div class=\"elementor-element elementor-element-b9038d2 elementor-widget__width-inherit elementor-widget elementor-widget-image\" data-id=\"b9038d2\" data-element_type=\"widget\" data-e-type=\"widget\" data-widget_type=\"image.default\">\n\t\t\t\t<div class=\"elementor-widget-container\">\n\t\t\t\t\t\t\t\t\t\t\t\t\t\t\t<img decoding=\"async\" width=\"5\" height=\"56\" src=\"https:\/\/amboise-valdeloire.com\/en\/wp-content\/uploads\/sites\/3\/2023\/12\/trait-hero.png\" class=\"attachment-full size-full wp-image-2015\" alt=\"Trait\" \/>\t\t\t\t\t\t\t\t\t\t\t\t\t\t\t<\/div>\n\t\t\t\t<\/div>\n\t\t\t\t\t<\/div>\n\t\t<\/div>\n\t\t\t\t\t<\/div>\n\t\t<\/section>\n\t\t\t\t\t<\/div>\n\t\t<\/div>\n\t\t\t\t\t<\/div>\n\t\t<\/section>\n\t\t\t\t<section class=\"elementor-section elementor-top-section elementor-element elementor-element-56414d8 elementor-section-full_width elementor-section-height-default elementor-section-height-default\" data-id=\"56414d8\" data-element_type=\"section\" data-e-type=\"section\" data-settings=\"{&quot;background_background&quot;:&quot;classic&quot;}\">\n\t\t\t\t\t\t<div class=\"elementor-container elementor-column-gap-default\">\n\t\t\t\t\t<div class=\"elementor-column elementor-col-100 elementor-top-column elementor-element elementor-element-038adbd\" data-id=\"038adbd\" data-element_type=\"column\" data-e-type=\"column\">\n\t\t\t<div class=\"elementor-widget-wrap elementor-element-populated\">\n\t\t\t\t\t\t<section class=\"elementor-section elementor-inner-section elementor-element elementor-element-e3cb0c0 elementor-section-boxed elementor-section-height-default elementor-section-height-default\" data-id=\"e3cb0c0\" data-element_type=\"section\" data-e-type=\"section\" data-settings=\"{&quot;background_background&quot;:&quot;classic&quot;}\">\n\t\t\t\t\t\t<div class=\"elementor-container elementor-column-gap-default\">\n\t\t\t\t\t<div class=\"elementor-column elementor-col-100 elementor-inner-column elementor-element elementor-element-f054188\" data-id=\"f054188\" data-element_type=\"column\" data-e-type=\"column\">\n\t\t\t<div class=\"elementor-widget-wrap elementor-element-populated\">\n\t\t\t\t\t\t<div class=\"elementor-element elementor-element-35e8907 arianne elementor-widget elementor-widget-heading\" data-id=\"35e8907\" data-element_type=\"widget\" data-e-type=\"widget\" data-widget_type=\"heading.default\">\n\t\t\t\t<div class=\"elementor-widget-container\">\n\t\t\t\t\t<span class=\"elementor-heading-title elementor-size-default\"><a href=\"https:\/\/amboise-valdeloire.com\/en\/\">\nHome \n<\/a>\n&gt;\n<a href=\"https:\/\/amboise-valdeloire.com\/en\/activities\/\">Activities<\/a>\n&gt; \nAerial activities<\/span>\t\t\t\t<\/div>\n\t\t\t\t<\/div>\n\t\t\t\t\t<\/div>\n\t\t<\/div>\n\t\t\t\t\t<\/div>\n\t\t<\/section>\n\t\t\t\t<section class=\"elementor-section elementor-inner-section elementor-element elementor-element-23abf44 elementor-section-boxed elementor-section-height-default elementor-section-height-default\" data-id=\"23abf44\" data-element_type=\"section\" data-e-type=\"section\">\n\t\t\t\t\t\t<div class=\"elementor-container elementor-column-gap-default\">\n\t\t\t\t\t<div class=\"elementor-column elementor-col-100 elementor-inner-column elementor-element elementor-element-9bc141a\" data-id=\"9bc141a\" data-element_type=\"column\" data-e-type=\"column\">\n\t\t\t<div class=\"elementor-widget-wrap elementor-element-populated\">\n\t\t\t\t\t\t<div class=\"elementor-element elementor-element-9458a13 elementor-widget elementor-widget-heading\" data-id=\"9458a13\" data-element_type=\"widget\" data-e-type=\"widget\" data-widget_type=\"heading.default\">\n\t\t\t\t<div class=\"elementor-widget-container\">\n\t\t\t\t\t<h2 class=\"elementor-heading-title elementor-size-default\">A breath-taking experience<\/h2>\t\t\t\t<\/div>\n\t\t\t\t<\/div>\n\t\t\t\t<div class=\"elementor-element elementor-element-5481f21 elementor-widget elementor-widget-text-editor\" data-id=\"5481f21\" data-element_type=\"widget\" data-e-type=\"widget\" data-widget_type=\"text-editor.default\">\n\t\t\t\t<div class=\"elementor-widget-container\">\n\t\t\t\t\t\t\t\t\t<p>Looking for total immersion in the Loire Valley! Discover it in the air! <strong>Take to the heights and discover the wonders of Val de Loire<\/strong> from another angle: in a hot-air balloon, helicopter or ULM \u2013 breathtaking landscapes and thrills guaranteed.<\/p>\t\t\t\t\t\t\t\t<\/div>\n\t\t\t\t<\/div>\n\t\t\t\t\t<\/div>\n\t\t<\/div>\n\t\t\t\t\t<\/div>\n\t\t<\/section>\n\t\t\t\t\t<\/div>\n\t\t<\/div>\n\t\t\t\t\t<\/div>\n\t\t<\/section>\n\t\t\t\t<section class=\"elementor-section elementor-top-section elementor-element elementor-element-792ced3 elementor-section-full_width elementor-section-height-default elementor-section-height-default\" data-id=\"792ced3\" data-element_type=\"section\" data-e-type=\"section\" data-settings=\"{&quot;background_background&quot;:&quot;classic&quot;}\">\n\t\t\t\t\t\t<div class=\"elementor-container elementor-column-gap-default\">\n\t\t\t\t\t<div class=\"elementor-column elementor-col-100 elementor-top-column elementor-element elementor-element-5bc8c7d\" data-id=\"5bc8c7d\" data-element_type=\"column\" data-e-type=\"column\">\n\t\t\t<div class=\"elementor-widget-wrap elementor-element-populated\">\n\t\t\t\t\t\t<section class=\"elementor-section elementor-inner-section elementor-element elementor-element-820a0fd elementor-section-boxed elementor-section-height-default elementor-section-height-default\" data-id=\"820a0fd\" data-element_type=\"section\" data-e-type=\"section\">\n\t\t\t\t\t\t<div class=\"elementor-container elementor-column-gap-default\">\n\t\t\t\t\t<div class=\"elementor-column elementor-col-100 elementor-inner-column elementor-element elementor-element-36eda13\" data-id=\"36eda13\" data-element_type=\"column\" data-e-type=\"column\">\n\t\t\t<div class=\"elementor-widget-wrap elementor-element-populated\">\n\t\t\t\t\t\t<div class=\"elementor-element elementor-element-9d65435 elementor-widget elementor-widget-shortcode\" data-id=\"9d65435\" data-element_type=\"widget\" data-e-type=\"widget\" data-widget_type=\"shortcode.default\">\n\t\t\t\t<div class=\"elementor-widget-container\">\n\t\t\t\t\t\t\t<div class=\"elementor-shortcode\"> \t <\/div>\n\t\t\t\t\t\t<\/div>\n\t\t\t\t<\/div>\n\t\t\t\t\t<\/div>\n\t\t<\/div>\n\t\t\t\t\t<\/div>\n\t\t<\/section>\n\t\t\t\t\t<\/div>\n\t\t<\/div>\n\t\t\t\t\t<\/div>\n\t\t<\/section>\n\t\t\t\t<section class=\"elementor-section elementor-top-section elementor-element elementor-element-cf8396d elementor-section-full_width elementor-hidden-desktop elementor-hidden-tablet elementor-hidden-mobile elementor-section-height-default elementor-section-height-default\" data-id=\"cf8396d\" data-element_type=\"section\" data-e-type=\"section\">\n\t\t\t\t\t\t<div class=\"elementor-container elementor-column-gap-default\">\n\t\t\t\t\t<div class=\"elementor-column elementor-col-100 elementor-top-column elementor-element elementor-element-c861823\" data-id=\"c861823\" data-element_type=\"column\" data-e-type=\"column\">\n\t\t\t<div class=\"elementor-widget-wrap elementor-element-populated\">\n\t\t\t\t\t\t<section class=\"elementor-section elementor-inner-section elementor-element elementor-element-8c48376 elementor-section-boxed elementor-section-height-default elementor-section-height-default\" data-id=\"8c48376\" data-element_type=\"section\" data-e-type=\"section\">\n\t\t\t\t\t\t<div class=\"elementor-container elementor-column-gap-default\">\n\t\t\t\t\t<div class=\"elementor-column elementor-col-100 elementor-inner-column elementor-element elementor-element-a1482c2\" data-id=\"a1482c2\" data-element_type=\"column\" data-e-type=\"column\">\n\t\t\t<div class=\"elementor-widget-wrap elementor-element-populated\">\n\t\t\t\t\t\t<div class=\"elementor-element elementor-element-e0332b0 elementor-widget elementor-widget-ucaddon_card_carousel\" data-id=\"e0332b0\" data-element_type=\"widget\" data-e-type=\"widget\" data-widget_type=\"ucaddon_card_carousel.default\">\n\t\t\t\t<div class=\"elementor-widget-container\">\n\t\t\t\t\t\n<!-- start Card Carousel -->\n\t\t<link id='font-awesome-css' href='https:\/\/amboise-valdeloire.com\/en\/wp-content\/plugins\/unlimited-elements-for-elementor\/assets_libraries\/font-awesome6\/fontawesome-all.min.css' type='text\/css' rel='stylesheet' >\n\t\t<link id='font-awesome-4-shim-css' href='https:\/\/amboise-valdeloire.com\/en\/wp-content\/plugins\/unlimited-elements-for-elementor\/assets_libraries\/font-awesome6\/fontawesome-v4-shims.min.css' type='text\/css' rel='stylesheet' >\n\t\t<link id='owl-carousel-css' href='https:\/\/amboise-valdeloire.com\/en\/wp-content\/plugins\/unlimited-elements-for-elementor\/assets_libraries\/owl-carousel-new\/assets\/owl.carousel.css' type='text\/css' rel='stylesheet' >\n\t\t<link id='uc_ac_assets_file_animate_css_77907-css' href='https:\/\/amboise-valdeloire.com\/en\/wp-content\/uploads\/sites\/3\/ac_assets\/uc_classic_carousel\/animate.css' type='text\/css' rel='stylesheet' >\n\n<style>\/* widget: Card Carousel *\/\n\n#uc_card_carousel_elementor_e0332b0-wrapper\n{\n  min-height:1px;\n}\n#uc_card_carousel_elementor_e0332b0 *{\n\t-webkit-box-sizing: border-box;\n\t-moz-box-sizing: border-box;\n\tbox-sizing: border-box;\n}\n\n#uc_card_carousel_elementor_e0332b0 .ue-carousel-item\n{\n  overflow:hidden;\n  transition:0.3s;\n}\n\n#uc_card_carousel_elementor_e0332b0 .uc_classic_carousel_container_holder\n{\n\tdisplay:block;\n\tposition:relative;\n\twidth:100%;\n    box-sizing: border-box;\n}\n#uc_card_carousel_elementor_e0332b0 .uc_classic_carousel_placeholder{\n   position:relative;\n}\n\n#uc_card_carousel_elementor_e0332b0 .uc_classic_carousel_placeholder img, #uc_card_carousel_elementor_e0332b0 .ue_card_carousel_image_overlay\n{\n  transition: all 300ms;\n}\n\n.card_carousel_title\n{\n\tfont-size:21px;\n}\n\n.uc_classic_carousel .uc_classic_carousel_border\n{\n\tdisplay:block;\n    margin:0 auto;\n}\n\n.uc_classic_carousel  .uc_classic_carousel_placeholder img\n{\n\twidth:100%;\n    \n    display:inline-flex;\n}\n.uc_classic_carousel .uc_classic_carousel_content\n{\n  display: flex;\n flex-flow: column nowrap;\n}\n\n.uc_classic_carousel .ue_button\n{\n  margin-top:auto;\n\n}\n\n.uc_classic_carousel .uc_classic_carousel_content .uc_more_btn {\n\tdisplay:inline-block;\n\ttext-decoration:none;\n\ttransition: all 0.5s ease;\n}\n\n\n#uc_card_carousel_elementor_e0332b0 .owl-dots {\noverflow:hidden;\ntext-align:center;\n}\n\n#uc_card_carousel_elementor_e0332b0 .owl-dot {\nborder-radius:50%;\ndisplay:inline-block;\n}\n\n#uc_card_carousel_elementor_e0332b0 .owl-nav .owl-prev,\n#uc_card_carousel_elementor_e0332b0 .owl-nav .owl-next{\n    position:absolute;\n    display:flex;\n  \tjustify-content: center;\n  \talign-items: center;\n    text-align:center;\n}\n\n\n#uc_card_carousel_elementor_e0332b0 .owl-nav .disabled\n{\n    display: none;  \n}\n\n\n#uc_card_carousel_elementor_e0332b0 .ue-item-icon\n{\n  line-height:1em;\n  display:inline-flex;\n  justify-content:center;\n  align-items:center;\n  \n}\n\n#uc_card_carousel_elementor_e0332b0 .ue-item-icon svg\n{\n  height:1em;\n  width:1em;\n}\n\n#uc_card_carousel_elementor_e0332b0 .ue-item-icon-wrapper\n{\n  display:flex;\n}\n\n#uc_card_carousel_elementor_e0332b0 .uc_classic_carousel_container_holder {\n\t max-width: ;\n}\n\n\n\n@media screen and (max-width: 1024px) {\n  #uc_card_carousel_elementor_e0332b0 .uc_classic_carousel_container_holder {\n\t max-width: ;\n  }\n}\n\n@media screen and (max-width: 767px) {\n  #uc_card_carousel_elementor_e0332b0 .uc_classic_carousel_container_holder {\n    max-width: ;\n  }\n}\n\n<\/style>\n\n<div class=\"uc_classic_carousel\" id=\"uc_card_carousel_elementor_e0332b0-wrapper\">\n        <div class=\"uc_carousel owl-carousel uc-items-wrapper  \" id=\"uc_card_carousel_elementor_e0332b0\"  >\n          \t<div class=\"uc_classic_carousel_container_holder ue-item elementor-repeater-item-a7adf29\">\n  <div class=\"ue-carousel-item\">\n      <div class=\"uc_classic_carousel_placeholder\">\n    <a href=\"#\" title=\"\" >      <img fetchpriority=\"high\" decoding=\"async\" src=\"https:\/\/amboise-valdeloire.com\/en\/wp-content\/uploads\/sites\/3\/2022\/07\/placeholder.png\"  src=\"https:\/\/amboise-valdeloire.com\/en\/wp-content\/uploads\/sites\/3\/2022\/07\/placeholder.png\" alt=\"placeholder\" width=\"1201\" height=\"900\">\n    <\/a>      <\/div>\n    <div class=\"uc_classic_carousel_content\" style=\"direction:ltr;\">\n    \n    \n        \n          \t\n      <div  class=\"card_carousel_title\"><\/div>\n          \t\n    \n      \n        \n    \n    \t\n    \n    \n    \t\n  <\/div>\n  <\/div>\n<\/div>\n<div class=\"uc_classic_carousel_container_holder ue-item elementor-repeater-item-b70add2\">\n  <div class=\"ue-carousel-item\">\n      <div class=\"uc_classic_carousel_placeholder\">\n    <a href=\"#\" title=\"\" >      <img fetchpriority=\"high\" decoding=\"async\" src=\"https:\/\/amboise-valdeloire.com\/en\/wp-content\/uploads\/sites\/3\/2022\/07\/placeholder.png\"  src=\"https:\/\/amboise-valdeloire.com\/en\/wp-content\/uploads\/sites\/3\/2022\/07\/placeholder.png\" alt=\"placeholder\" width=\"1201\" height=\"900\">\n    <\/a>      <\/div>\n    <div class=\"uc_classic_carousel_content\" style=\"direction:ltr;\">\n    \n    \n        \n          \t\n      <div  class=\"card_carousel_title\"><\/div>\n          \t\n    \n      \n        \n    \n    \t\n    \n    \n    \t\n  <\/div>\n  <\/div>\n<\/div>\n<div class=\"uc_classic_carousel_container_holder ue-item elementor-repeater-item-bfec213\">\n  <div class=\"ue-carousel-item\">\n      <div class=\"uc_classic_carousel_placeholder\">\n    <a href=\"#\" title=\"\" >      <img fetchpriority=\"high\" decoding=\"async\" src=\"https:\/\/amboise-valdeloire.com\/en\/wp-content\/uploads\/sites\/3\/2022\/07\/placeholder.png\"  src=\"https:\/\/amboise-valdeloire.com\/en\/wp-content\/uploads\/sites\/3\/2022\/07\/placeholder.png\" alt=\"placeholder\" width=\"1201\" height=\"900\">\n    <\/a>      <\/div>\n    <div class=\"uc_classic_carousel_content\" style=\"direction:ltr;\">\n    \n    \n        \n          \t\n      <div  class=\"card_carousel_title\"><\/div>\n          \t\n    \n      \n        \n    \n    \t\n    \n    \n    \t\n  <\/div>\n  <\/div>\n<\/div>\n\n      <\/div>\n<\/div>\n<!-- end Card Carousel -->\t\t\t\t<\/div>\n\t\t\t\t<\/div>\n\t\t\t\t\t<\/div>\n\t\t<\/div>\n\t\t\t\t\t<\/div>\n\t\t<\/section>\n\t\t\t\t\t<\/div>\n\t\t<\/div>\n\t\t\t\t\t<\/div>\n\t\t<\/section>\n\t\t\t\t<section class=\"elementor-section elementor-top-section elementor-element elementor-element-4571767 elementor-section-full_width elementor-section-height-min-height elementor-hidden-desktop elementor-hidden-tablet elementor-hidden-mobile elementor-section-height-default elementor-section-items-middle\" data-id=\"4571767\" data-element_type=\"section\" data-e-type=\"section\" data-settings=\"{&quot;background_background&quot;:&quot;classic&quot;}\">\n\t\t\t\t\t\t<div class=\"elementor-container elementor-column-gap-default\">\n\t\t\t\t\t<div class=\"elementor-column elementor-col-100 elementor-top-column elementor-element elementor-element-02c2a37\" data-id=\"02c2a37\" data-element_type=\"column\" data-e-type=\"column\">\n\t\t\t<div class=\"elementor-widget-wrap\">\n\t\t\t\t\t\t\t<\/div>\n\t\t<\/div>\n\t\t\t\t\t<\/div>\n\t\t<\/section>\n\t\t\t\t<\/div>\n\t\t","protected":false},"excerpt":{"rendered":"<p>Prenez de la hauteur et d\u00e9couvrez les merveilles du Val de Loire sous un autre angle : en montgolfi\u00e8re, h\u00e9licopt\u00e8re ou encore en ULM&#8230;<\/p>\n","protected":false},"author":1,"featured_media":6523,"parent":0,"menu_order":0,"comment_status":"closed","ping_status":"closed","template":"","meta":{"inline_featured_image":false,"footnotes":""},"folder":[],"class_list":["post-4593","page","type-page","status-publish","has-post-thumbnail","hentry"],"yoast_head":"<!-- This site is optimized with the Yoast SEO plugin v27.1.1 - https:\/\/yoast.com\/product\/yoast-seo-wordpress\/ -->\n<title>Aerial activities - Amboise Val de Loire Tourist Office<\/title>\n<meta name=\"description\" content=\"Take to the skies and discover the wonders of the Loire Valley from a different perspective: in a hot air balloon, helicopter or even a microlight...\" \/>\n<meta name=\"robots\" content=\"index, follow, max-snippet:-1, max-image-preview:large, max-video-preview:-1\" \/>\n<link rel=\"canonical\" href=\"https:\/\/amboise-valdeloire.com\/en\/aerial-activities\/\" \/>\n<meta property=\"og:locale\" content=\"en_US\" \/>\n<meta property=\"og:type\" content=\"article\" \/>\n<meta property=\"og:title\" content=\"Aerial activities - Amboise Val de Loire Tourist Office\" \/>\n<meta property=\"og:description\" content=\"Take to the skies and discover the wonders of the Loire Valley from a different perspective: in a hot air balloon, helicopter or even a microlight...\" \/>\n<meta property=\"og:url\" content=\"https:\/\/amboise-valdeloire.com\/en\/aerial-activities\/\" \/>\n<meta property=\"og:site_name\" content=\"Amboise Val de Loire Tourist Office\" \/>\n<meta property=\"article:modified_time\" content=\"2025-09-10T08:36:35+00:00\" \/>\n<meta property=\"og:image\" content=\"http:\/\/amboise-valdeloire.com\/en\/wp-content\/uploads\/sites\/3\/2024\/02\/montgolfiere-leonard-de-vinci-amboise-credits-blerotphoto_GDU_018.jpg\" \/>\n\t<meta property=\"og:image:width\" content=\"1920\" \/>\n\t<meta property=\"og:image:height\" content=\"1280\" \/>\n\t<meta property=\"og:image:type\" content=\"image\/jpeg\" \/>\n<meta name=\"twitter:card\" content=\"summary_large_image\" \/>\n<meta name=\"twitter:label1\" content=\"Est. reading time\" \/>\n\t<meta name=\"twitter:data1\" content=\"2 minutes\" \/>\n<script type=\"application\/ld+json\" class=\"yoast-schema-graph\">{\"@context\":\"https:\/\/schema.org\",\"@graph\":[{\"@type\":\"WebPage\",\"@id\":\"https:\/\/amboise-valdeloire.com\/en\/aerial-activities\/\",\"url\":\"https:\/\/amboise-valdeloire.com\/en\/aerial-activities\/\",\"name\":\"Aerial activities - Amboise Val de Loire Tourist Office\",\"isPartOf\":{\"@id\":\"https:\/\/amboise-valdeloire.com\/en\/#website\"},\"primaryImageOfPage\":{\"@id\":\"https:\/\/amboise-valdeloire.com\/en\/aerial-activities\/#primaryimage\"},\"image\":{\"@id\":\"https:\/\/amboise-valdeloire.com\/en\/aerial-activities\/#primaryimage\"},\"thumbnailUrl\":\"https:\/\/amboise-valdeloire.com\/en\/wp-content\/uploads\/sites\/3\/2024\/02\/hot-air-balloon-leonardo-da-vinci-amboise-credits-blerotphoto_gdu_018.jpg\",\"datePublished\":\"2024-01-11T13:20:31+00:00\",\"dateModified\":\"2025-09-10T08:36:35+00:00\",\"description\":\"Take to the skies and discover the wonders of the Loire Valley from a different perspective: in a hot air balloon, helicopter or even a microlight...\",\"breadcrumb\":{\"@id\":\"https:\/\/amboise-valdeloire.com\/en\/aerial-activities\/#breadcrumb\"},\"inLanguage\":\"en-US\",\"potentialAction\":[{\"@type\":\"ReadAction\",\"target\":[\"https:\/\/amboise-valdeloire.com\/en\/aerial-activities\/\"]}]},{\"@type\":\"ImageObject\",\"inLanguage\":\"en-US\",\"@id\":\"https:\/\/amboise-valdeloire.com\/en\/aerial-activities\/#primaryimage\",\"url\":\"https:\/\/amboise-valdeloire.com\/en\/wp-content\/uploads\/sites\/3\/2024\/02\/hot-air-balloon-leonardo-da-vinci-amboise-credits-blerotphoto_gdu_018.jpg\",\"contentUrl\":\"https:\/\/amboise-valdeloire.com\/en\/wp-content\/uploads\/sites\/3\/2024\/02\/hot-air-balloon-leonardo-da-vinci-amboise-credits-blerotphoto_gdu_018.jpg\",\"width\":1920,\"height\":1280,\"caption\":\"Hot air balloon\"},{\"@type\":\"BreadcrumbList\",\"@id\":\"https:\/\/amboise-valdeloire.com\/en\/aerial-activities\/#breadcrumb\",\"itemListElement\":[{\"@type\":\"ListItem\",\"position\":1,\"name\":\"Home\",\"item\":\"https:\/\/amboise-valdeloire.com\/en\/\"},{\"@type\":\"ListItem\",\"position\":2,\"name\":\"Aerial activities\"}]},{\"@type\":\"WebSite\",\"@id\":\"https:\/\/amboise-valdeloire.com\/en\/#website\",\"url\":\"https:\/\/amboise-valdeloire.com\/en\/\",\"name\":\"Amboise Val de Loire Tourist Office\",\"description\":\"\",\"potentialAction\":[{\"@type\":\"SearchAction\",\"target\":{\"@type\":\"EntryPoint\",\"urlTemplate\":\"https:\/\/amboise-valdeloire.com\/en\/?s={search_term_string}\"},\"query-input\":{\"@type\":\"PropertyValueSpecification\",\"valueRequired\":true,\"valueName\":\"search_term_string\"}}],\"inLanguage\":\"en-US\"}]}<\/script>\n<!-- \/ Yoast SEO plugin. -->","yoast_head_json":{"title":"Aerial activities - Amboise Val de Loire Tourist Office","description":"Take to the skies and discover the wonders of the Loire Valley from a different perspective: in a hot air balloon, helicopter or even a microlight...","robots":{"index":"index","follow":"follow","max-snippet":"max-snippet:-1","max-image-preview":"max-image-preview:large","max-video-preview":"max-video-preview:-1"},"canonical":"https:\/\/amboise-valdeloire.com\/en\/aerial-activities\/","og_locale":"en_US","og_type":"article","og_title":"Aerial activities - Amboise Val de Loire Tourist Office","og_description":"Take to the skies and discover the wonders of the Loire Valley from a different perspective: in a hot air balloon, helicopter or even a microlight...","og_url":"https:\/\/amboise-valdeloire.com\/en\/aerial-activities\/","og_site_name":"Amboise Val de Loire Tourist Office","article_modified_time":"2025-09-10T08:36:35+00:00","og_image":[{"width":1920,"height":1280,"url":"http:\/\/amboise-valdeloire.com\/en\/wp-content\/uploads\/sites\/3\/2024\/02\/montgolfiere-leonard-de-vinci-amboise-credits-blerotphoto_GDU_018.jpg","type":"image\/jpeg"}],"twitter_card":"summary_large_image","twitter_misc":{"Est. reading time":"2 minutes"},"schema":{"@context":"https:\/\/schema.org","@graph":[{"@type":"WebPage","@id":"https:\/\/amboise-valdeloire.com\/en\/aerial-activities\/","url":"https:\/\/amboise-valdeloire.com\/en\/aerial-activities\/","name":"Aerial activities - Amboise Val de Loire Tourist Office","isPartOf":{"@id":"https:\/\/amboise-valdeloire.com\/en\/#website"},"primaryImageOfPage":{"@id":"https:\/\/amboise-valdeloire.com\/en\/aerial-activities\/#primaryimage"},"image":{"@id":"https:\/\/amboise-valdeloire.com\/en\/aerial-activities\/#primaryimage"},"thumbnailUrl":"https:\/\/amboise-valdeloire.com\/en\/wp-content\/uploads\/sites\/3\/2024\/02\/hot-air-balloon-leonardo-da-vinci-amboise-credits-blerotphoto_gdu_018.jpg","datePublished":"2024-01-11T13:20:31+00:00","dateModified":"2025-09-10T08:36:35+00:00","description":"Take to the skies and discover the wonders of the Loire Valley from a different perspective: in a hot air balloon, helicopter or even a microlight...","breadcrumb":{"@id":"https:\/\/amboise-valdeloire.com\/en\/aerial-activities\/#breadcrumb"},"inLanguage":"en-US","potentialAction":[{"@type":"ReadAction","target":["https:\/\/amboise-valdeloire.com\/en\/aerial-activities\/"]}]},{"@type":"ImageObject","inLanguage":"en-US","@id":"https:\/\/amboise-valdeloire.com\/en\/aerial-activities\/#primaryimage","url":"https:\/\/amboise-valdeloire.com\/en\/wp-content\/uploads\/sites\/3\/2024\/02\/hot-air-balloon-leonardo-da-vinci-amboise-credits-blerotphoto_gdu_018.jpg","contentUrl":"https:\/\/amboise-valdeloire.com\/en\/wp-content\/uploads\/sites\/3\/2024\/02\/hot-air-balloon-leonardo-da-vinci-amboise-credits-blerotphoto_gdu_018.jpg","width":1920,"height":1280,"caption":"Hot air balloon"},{"@type":"BreadcrumbList","@id":"https:\/\/amboise-valdeloire.com\/en\/aerial-activities\/#breadcrumb","itemListElement":[{"@type":"ListItem","position":1,"name":"Home","item":"https:\/\/amboise-valdeloire.com\/en\/"},{"@type":"ListItem","position":2,"name":"Aerial activities"}]},{"@type":"WebSite","@id":"https:\/\/amboise-valdeloire.com\/en\/#website","url":"https:\/\/amboise-valdeloire.com\/en\/","name":"Amboise Val de Loire Tourist Office","description":"","potentialAction":[{"@type":"SearchAction","target":{"@type":"EntryPoint","urlTemplate":"https:\/\/amboise-valdeloire.com\/en\/?s={search_term_string}"},"query-input":{"@type":"PropertyValueSpecification","valueRequired":true,"valueName":"search_term_string"}}],"inLanguage":"en-US"}]}},"_links":{"self":[{"href":"https:\/\/amboise-valdeloire.com\/en\/wp-json\/wp\/v2\/pages\/4593","targetHints":{"allow":["GET"]}}],"collection":[{"href":"https:\/\/amboise-valdeloire.com\/en\/wp-json\/wp\/v2\/pages"}],"about":[{"href":"https:\/\/amboise-valdeloire.com\/en\/wp-json\/wp\/v2\/types\/page"}],"author":[{"embeddable":true,"href":"https:\/\/amboise-valdeloire.com\/en\/wp-json\/wp\/v2\/users\/1"}],"replies":[{"embeddable":true,"href":"https:\/\/amboise-valdeloire.com\/en\/wp-json\/wp\/v2\/comments?post=4593"}],"version-history":[{"count":8,"href":"https:\/\/amboise-valdeloire.com\/en\/wp-json\/wp\/v2\/pages\/4593\/revisions"}],"predecessor-version":[{"id":20358,"href":"https:\/\/amboise-valdeloire.com\/en\/wp-json\/wp\/v2\/pages\/4593\/revisions\/20358"}],"wp:featuredmedia":[{"embeddable":true,"href":"https:\/\/amboise-valdeloire.com\/en\/wp-json\/wp\/v2\/media\/6523"}],"wp:attachment":[{"href":"https:\/\/amboise-valdeloire.com\/en\/wp-json\/wp\/v2\/media?parent=4593"}],"wp:term":[{"taxonomy":"folder","embeddable":true,"href":"https:\/\/amboise-valdeloire.com\/en\/wp-json\/wp\/v2\/folder?post=4593"}],"curies":[{"name":"wp","href":"https:\/\/api.w.org\/{rel}","templated":true}]}}